{"id":398,"date":"2021-11-23T10:34:38","date_gmt":"2021-11-23T09:34:38","guid":{"rendered":"https:\/\/inga-thielcke.de\/test\/?page_id=398"},"modified":"2021-12-17T19:01:58","modified_gmt":"2021-12-17T18:01:58","slug":"datenschutz","status":"publish","type":"page","link":"https:\/\/inga-thielcke.de\/?page_id=398","title":{"rendered":"Datenschutz"},"content":{"rendered":"<p><strong>DATENSCHUTZERKL\u00c4RUNG<\/strong><\/p>\n<p><strong>Datenschutz<\/strong><\/p>\n<p>Der Umgang mit Ihren pers\u00f6nlichen Daten ist dem Betreiber dieser Website sehr wichtig! Ihre personenbezogenen Daten werden vertraulich und entsprechend der gesetzlichen Datenschutzvorschriften sowie im Sinne dieser Datenschutzerkl\u00e4rung behandelt.<\/p>\n<p>Die Nutzung dieser Website ist ohne Angabe personenbezogener Daten m\u00f6glich. Wenn Sie mit dem Betreiber durch eine eMail in Kontakt treten, so geschieht dies stets auf freiwilliger Basis. Ihre personenbezogenen Daten, wie Name, eMail oder Adresse, werden ohne Ihre ausdr\u00fcckliche Zustimmung nicht an Dritte weitergegeben.<\/p>\n<p>Wir weisen darauf hin, dass die Daten\u00fcbertragung im Internet (z.B. bei der Kommunikation per eMail) Sicherheitsl\u00fccken aufweisen kann. Ein l\u00fcckenloser Schutz der Daten vor dem Zugriff durch Dritte ist nicht m\u00f6glich.<\/p>\n<p>Die Datenverarbeitung erfolgt durch den Websitebetreiber. Dessen Kontaktdaten k\u00f6nnen Sie dem Impressum dieser Website entnehmen.<\/p>\n<p>Andere \u2013 anonymisierte \u2013 Daten werden automatisch beim Besuch der Website durch unsere IT-Systeme erfasst. Das sind vor allem technische Daten (z.B. Internetbrowser, Betriebssystem oder Uhrzeit des Seitenaufrufs). Die Erfassung dieser Daten erfolgt automatisch, sobald Sie unsere Website betreten.<\/p>\n<p><strong>Widerruf Ihrer Einwilligung zur Datenverarbeitung<\/strong><br \/>\nViele Datenverarbeitungsvorg\u00e4nge sind nur mit Ihrer ausdr\u00fccklichen Einwilligung m\u00f6glich. Sie k\u00f6nnen eine bereits erteilte Einwilligung jederzeit widerrufen. Dazu reicht eine formlose Mitteilung per eMail an uns. Die Rechtm\u00e4\u00dfigkeit der bis zum Widerruf erfolgten Datenverarbeitung bleibt vom Widerruf unber\u00fchrt.<\/p>\n<p><strong>Auskunft, Sperrung, L\u00f6schung<\/strong><br \/>\nSie haben jederzeit das Recht unentgeltlich Auskunft \u00fcber Herkunft, Empf\u00e4nger und Zweck Ihrer gespeicherten personenbezogenen Daten zu erhalten. Sie haben au\u00dferdem ein Recht, die Berichtigung, Sperrung oder L\u00f6schung dieser Daten zu verlangen. Hierzu sowie zu weiteren Fragen zum Thema Datenschutz k\u00f6nnen Sie sich jederzeit unter der im Impressum angegebenen Adresse an uns wenden.<\/p>\n<p><strong>SSL-Verschl\u00fcsselung<\/strong><br \/>\nDiese Seite nutzt aus Sicherheitsgr\u00fcnden und zum Schutz der \u00dcbertragung vertraulicher Inhalte \u00fcber das Kontaktformular, die Sie an uns als Seitenbetreiber senden, eine SSL-Verschl\u00fcsselung. Eine verschl\u00fcsselte Verbindung erkennen Sie daran, dass die Adresszeile des Browsers von \u201chttp:\/\/\u201d auf \u201chttps:\/\/\u201d wechselt und an dem Schloss-Symbol in Ihrer Browserzeile.<br \/>\nWenn die SSL-Verschl\u00fcsselung aktiviert ist, k\u00f6nnen die Daten, die Sie an uns \u00fcbermitteln, nicht von Dritten mitgelesen werden.<\/p>\n<p><strong>Widerspruch gegen Werbe-Mails<\/strong><br \/>\nDer Nutzung von im Rahmen der Impressumspflicht ver\u00f6ffentlichten Kontaktdaten zur \u00dcbersendung von nicht ausdr\u00fccklich angeforderter Werbung und Informationsmaterialien wird hiermit widersprochen. Die Betreiber der Seiten behalten sich ausdr\u00fccklich rechtliche Schritte im Falle der unverlangten Zusendung von Werbeinformationen, etwa durch Spam-eMails, vor.<\/p>\n<p><strong>Datenerfassung auf unserer Website<\/strong><\/p>\n<p>Server-Log-Dateien<br \/>\nDer Provider der Seiten erhebt und speichert automatisch Informationen in so genannten Server-Log-Dateien, die Ihr Browser automatisch an uns \u00fcbermittelt. Dies sind:<br \/>\nBrowsertyp und Browserversion<br \/>\nverwendetes Betriebssystem<br \/>\nReferrer URL<br \/>\nHostname des zugreifenden Rechners<br \/>\nUhrzeit der Serveranfrage<br \/>\nIP-Adresse<br \/>\nEine Zusammenf\u00fchrung dieser Daten mit anderen Datenquellen wird nicht vorgenommen.<\/p>\n<p>Grundlage f\u00fcr die Datenverarbeitung ist Art. 6 Abs. 1 lit. b DSGVO, der die Verarbeitung von Daten zur Erf\u00fcllung eines Vertrags oder vorvertraglicher Ma\u00dfnahmen gestattet.<\/p>\n<p>&nbsp;<\/p>\n<p><strong>Haftungsausschluss<\/strong><\/p>\n<p>Die Teilnahme an den Kr\u00e4uterkursen erfolgt auf eigene Verantwortung und eigenes Risiko des Teilnehmers \/ der Teilnehmerin.<\/p>\n<p>Der Veranstalter \u00fcbernimmt keine Haftung f\u00fcr eventuell verursachte Sch\u00e4den. Auch f\u00fcr Unf\u00e4lle, Verletzungen und Diebstahl w\u00e4hrend der Veranstaltung wird keine Haftung \u00fcbernommen.<\/p>\n<p>Alle Hinweise auf Heilwirkung und Gebrauch von Heilp\ufb02anzen haben ausschlie\u00dflich informativen Charakter.<\/p>\n<p>Der Veranstalter \u00fcbernimmt keine Garantie und Haftung f\u00fcr genannte und gelernte Anwendungsm\u00f6glichkeiten.<\/p>\n<p>Der Veranstalter emp\ufb01ehlt hinsichtlich eigener Anwendung ausdr\u00fccklich eine R\u00fccksprache mit Arzt, Heilpraktiker oder Apotheker.<\/p>\n<p>Die Teilnehmenden handeln bei Anwendungsdemonstrationen im Unterricht an sich und anderen Kursteilnehmern\/Kursteilnehmerinnen auf eigene Gefahr und eigenes Risiko. Gleiches gilt f\u00fcr die Umsetzung des in den Kursen erworbenen Wissens.<\/p>\n<p>Gehaftet wird nur f\u00fcr Sch\u00e4den, die durch grobe Fahrl\u00e4ssigkeit des Veranstalters ausgel\u00f6st werden.<\/p>\n","protected":false},"excerpt":{"rendered":"<p>DATENSCHUTZERKL\u00c4RUNG Datenschutz Der Umgang mit Ihren pers\u00f6nlichen Daten ist dem Betreiber dieser Website sehr wichtig! Ihre personenbezogenen Daten werden vertraulich und entsprechend der gesetzlichen Datenschutzvorschriften sowie im Sinne dieser Datenschutzerkl\u00e4rung behandelt. Die Nutzung dieser Website ist ohne Angabe personenbezogener Daten m\u00f6glich. Wenn Sie mit dem Betreiber durch eine eMail in Kontakt treten, so geschieht dies [&hellip;]<\/p>\n","protected":false},"author":1,"featured_media":417,"parent":0,"menu_order":0,"comment_status":"closed","ping_status":"closed","template":"","meta":{"footnotes":""},"class_list":["post-398","page","type-page","status-publish","has-post-thumbnail","hentry"],"_links":{"self":[{"href":"https:\/\/inga-thielcke.de\/index.php?rest_route=\/wp\/v2\/pages\/398","targetHints":{"allow":["GET"]}}],"collection":[{"href":"https:\/\/inga-thielcke.de\/index.php?rest_route=\/wp\/v2\/pages"}],"about":[{"href":"https:\/\/inga-thielcke.de\/index.php?rest_route=\/wp\/v2\/types\/page"}],"author":[{"embeddable":true,"href":"https:\/\/inga-thielcke.de\/index.php?rest_route=\/wp\/v2\/users\/1"}],"replies":[{"embeddable":true,"href":"https:\/\/inga-thielcke.de\/index.php?rest_route=%2Fwp%2Fv2%2Fcomments&post=398"}],"version-history":[{"count":3,"href":"https:\/\/inga-thielcke.de\/index.php?rest_route=\/wp\/v2\/pages\/398\/revisions"}],"predecessor-version":[{"id":401,"href":"https:\/\/inga-thielcke.de\/index.php?rest_route=\/wp\/v2\/pages\/398\/revisions\/401"}],"wp:featuredmedia":[{"embeddable":true,"href":"https:\/\/inga-thielcke.de\/index.php?rest_route=\/wp\/v2\/media\/417"}],"wp:attachment":[{"href":"https:\/\/inga-thielcke.de\/index.php?rest_route=%2Fwp%2Fv2%2Fmedia&parent=398"}],"curies":[{"name":"wp","href":"https:\/\/api.w.org\/{rel}","templated":true}]}}